{"id":17,"date":"2023-11-03T17:28:20","date_gmt":"2023-11-03T17:28:20","guid":{"rendered":"https:\/\/web8.infopaginaswebhost.com\/deltaelevatorsystems\/?page_id=17"},"modified":"2025-11-24T13:22:21","modified_gmt":"2025-11-24T13:22:21","slug":"elevadores","status":"publish","type":"page","link":"https:\/\/deltaelevatorsystems.net\/en\/","title":{"rendered":"Home"},"content":{"rendered":"<div data-elementor-type=\"wp-page\" data-elementor-id=\"17\" class=\"elementor elementor-17\" data-elementor-settings=\"{&quot;ha_cmc_init_switcher&quot;:&quot;no&quot;}\">\n\t\t\t\t<div class=\"elementor-element elementor-element-b2db72a e-flex e-con-boxed e-con e-parent\" data-id=\"b2db72a\" data-element_type=\"container\" data-e-type=\"container\" data-settings=\"{&quot;background_background&quot;:&quot;classic&quot;,&quot;_ha_eqh_enable&quot;:false}\">\n\t\t\t\t\t<div class=\"e-con-inner\">\n\t\t<div class=\"elementor-element elementor-element-3c3e4b7 e-con-full e-flex e-con e-child\" data-id=\"3c3e4b7\" data-element_type=\"container\" data-e-type=\"container\" data-settings=\"{&quot;_ha_eqh_enable&quot;:false}\">\n\t\t\t\t<div class=\"elementor-element elementor-element-ec0280c elementor-widget elementor-widget-heading\" data-id=\"ec0280c\" data-element_type=\"widget\" data-e-type=\"widget\" data-widget_type=\"heading.default\">\n\t\t\t\t<div class=\"elementor-widget-container\">\n\t\t\t\t\t<h1 class=\"elementor-heading-title elementor-size-default\">INSTALLATION, SERVICE, AND MAINTENANCE OF ELEVATORS<\/h1>\t\t\t\t<\/div>\n\t\t\t\t<\/div>\n\t\t\t\t<div class=\"elementor-element elementor-element-7e53c55 elementor-widget elementor-widget-text-editor\" data-id=\"7e53c55\" data-element_type=\"widget\" data-e-type=\"widget\" data-widget_type=\"text-editor.default\">\n\t\t\t\t<div class=\"elementor-widget-container\">\n\t\t\t\t\t\t\t\t\t<p>Delta Elevator Systems has over 20 years of experience and recognition in Puerto Rico.<\/p>\t\t\t\t\t\t\t\t<\/div>\n\t\t\t\t<\/div>\n\t\t<div class=\"elementor-element elementor-element-58dfea6 e-con-full e-flex e-con e-child\" data-id=\"58dfea6\" data-element_type=\"container\" data-e-type=\"container\" data-settings=\"{&quot;_ha_eqh_enable&quot;:false}\">\n\t\t\t\t<div class=\"elementor-element elementor-element-06d3472 pa-icon-pos-before premium-lq__none elementor-widget elementor-widget-premium-addon-button\" data-id=\"06d3472\" data-element_type=\"widget\" data-e-type=\"widget\" data-widget_type=\"premium-addon-button.default\">\n\t\t\t\t<div class=\"elementor-widget-container\">\n\t\t\t\t\t\n\n\t\t<a class=\"premium-button premium-button-none premium-btn-lg premium-button-none\" href=\"tel:+1-787-61-0077\">\n\t\t\t<div class=\"premium-button-text-icon-wrapper\">\n\t\t\t\t\n\t\t\t\t\t\t\t\t\t\t\t\t\t\t\t\t\t\t<svg xmlns=\"http:\/\/www.w3.org\/2000\/svg\" data-bbox=\"20 20 160 159.999\" viewbox=\"0 0 200 200\" data-type=\"shape\"><g><path d=\"M174.754 137.015l-16.878-17.024c-7.055-7.116-18.563-7.186-25.705-.156l-.283.278-.803.794c-5.874 5.808-15.363 5.761-21.178-.105L78.719 89.344c-5.798-5.849-5.75-15.271.108-21.061l.001.001.283-.279c7.142-7.03 7.211-18.499.156-25.615L62.404 25.383c-7.061-7.122-18.581-7.185-25.72-.14l-.001-.001-11.238 11.11c-4.496 4.445-6.458 10.916-4.936 17.042 14.422 58.077 66.325 112.081 124.426 126.073 6.239 1.503 12.817-.21 17.377-4.711l12.003-11.848.284-.279c7.14-7.03 7.21-18.498.155-25.614z\"><\/path><\/g><\/svg>\t\t\t\t\t\t\t\t\t\t\t\t\t\t\t\n\t\t\t\t\t\t\t\t\t<span >\n\t\t\t\t\t\t+1-787-261-0077\t\t\t\t\t<\/span>\n\t\t\t\t\t\t\t<\/div>\n\n\t\t\t\n\t\t\t\n\t\t\t\n\t\t<\/a>\n\n\n\t\t\t\t\t\t<\/div>\n\t\t\t\t<\/div>\n\t\t\t\t<div class=\"elementor-element elementor-element-d663fd3 pa-icon-pos-before premium-lq__none elementor-widget elementor-widget-premium-addon-button\" data-id=\"d663fd3\" data-element_type=\"widget\" data-e-type=\"widget\" data-widget_type=\"premium-addon-button.default\">\n\t\t\t\t<div class=\"elementor-widget-container\">\n\t\t\t\t\t\n\n\t\t<a class=\"premium-button premium-button-none premium-btn-lg premium-button-none\" href=\"https:\/\/deltaelevatorsystems.net\/en\/servicios\/\">\n\t\t\t<div class=\"premium-button-text-icon-wrapper\">\n\t\t\t\t\n\t\t\t\t\t\t\t\t\t\t\t\t\t\t\t\t\t\t\t\t\t\t\t\t\t\t\t\t\t\t\t\t\t\n\t\t\t\t\t\t\t\t\t<span >\n\t\t\t\t\t\tVer Servicios\t\t\t\t\t<\/span>\n\t\t\t\t\t\t\t<\/div>\n\n\t\t\t\n\t\t\t\n\t\t\t\n\t\t<\/a>\n\n\n\t\t\t\t\t\t<\/div>\n\t\t\t\t<\/div>\n\t\t\t\t<\/div>\n\t\t\t\t<\/div>\n\t\t\t\t\t<\/div>\n\t\t\t\t<\/div>\n\t\t\t\t<section class=\"elementor-section elementor-top-section elementor-element elementor-element-a5e4c4f elementor-section-boxed elementor-section-height-default elementor-section-height-default\" data-id=\"a5e4c4f\" data-element_type=\"section\" data-e-type=\"section\" data-settings=\"{&quot;background_background&quot;:&quot;classic&quot;,&quot;_ha_eqh_enable&quot;:false}\">\n\t\t\t\t\t\t<div class=\"elementor-container elementor-column-gap-default\">\n\t\t\t\t\t<div class=\"elementor-column elementor-col-100 elementor-top-column elementor-element elementor-element-08b1b1d\" data-id=\"08b1b1d\" data-element_type=\"column\" data-e-type=\"column\">\n\t\t\t<div class=\"elementor-widget-wrap elementor-element-populated\">\n\t\t\t\t\t\t<section class=\"elementor-section elementor-inner-section elementor-element elementor-element-ef5aa19 elementor-section-boxed elementor-section-height-default elementor-section-height-default\" data-id=\"ef5aa19\" data-element_type=\"section\" data-e-type=\"section\" data-settings=\"{&quot;_ha_eqh_enable&quot;:false}\">\n\t\t\t\t\t\t<div class=\"elementor-container elementor-column-gap-default\">\n\t\t\t\t\t<div class=\"elementor-column elementor-col-50 elementor-inner-column elementor-element elementor-element-25e6080\" data-id=\"25e6080\" data-element_type=\"column\" data-e-type=\"column\">\n\t\t\t<div class=\"elementor-widget-wrap elementor-element-populated\">\n\t\t\t\t\t\t<section class=\"elementor-section elementor-inner-section elementor-element elementor-element-11e702f elementor-section-boxed elementor-section-height-default elementor-section-height-default\" data-id=\"11e702f\" data-element_type=\"section\" data-e-type=\"section\" data-settings=\"{&quot;_ha_eqh_enable&quot;:false}\">\n\t\t\t\t\t\t<div class=\"elementor-container elementor-column-gap-default\">\n\t\t\t\t\t<div class=\"elementor-column elementor-col-100 elementor-inner-column elementor-element elementor-element-918123c\" data-id=\"918123c\" data-element_type=\"column\" data-e-type=\"column\">\n\t\t\t<div class=\"elementor-widget-wrap elementor-element-populated\">\n\t\t\t\t\t\t<div class=\"elementor-element elementor-element-dea0a8b elementor-widget elementor-widget-text-editor\" data-id=\"dea0a8b\" data-element_type=\"widget\" data-e-type=\"widget\" data-widget_type=\"text-editor.default\">\n\t\t\t\t<div class=\"elementor-widget-container\">\n\t\t\t\t\t\t\t\t\t<p>Do you feel unsafe when using the elevator in your building?<\/p>\t\t\t\t\t\t\t\t<\/div>\n\t\t\t\t<\/div>\n\t\t\t\t\t<\/div>\n\t\t<\/div>\n\t\t\t\t\t<\/div>\n\t\t<\/section>\n\t\t\t\t\t<\/div>\n\t\t<\/div>\n\t\t\t\t<div class=\"elementor-column elementor-col-50 elementor-inner-column elementor-element elementor-element-80b339a\" data-id=\"80b339a\" data-element_type=\"column\" data-e-type=\"column\">\n\t\t\t<div class=\"elementor-widget-wrap elementor-element-populated\">\n\t\t\t\t\t\t<div class=\"elementor-element elementor-element-4f6d9ba elementor-widget elementor-widget-text-editor\" data-id=\"4f6d9ba\" data-element_type=\"widget\" data-e-type=\"widget\" data-widget_type=\"text-editor.default\">\n\t\t\t\t<div class=\"elementor-widget-container\">\n\t\t\t\t\t\t\t\t\t<p>That's because it hasn't been installed with the guarantee of Delta Elevator Systems, LLC. We are a company dedicated to the installation, maintenance, modernization, and repair of residential, commercial, and industrial elevators.<\/p>\t\t\t\t\t\t\t\t<\/div>\n\t\t\t\t<\/div>\n\t\t\t\t\t<\/div>\n\t\t<\/div>\n\t\t\t\t\t<\/div>\n\t\t<\/section>\n\t\t\t\t\t<\/div>\n\t\t<\/div>\n\t\t\t\t\t<\/div>\n\t\t<\/section>\n\t\t\t\t<section class=\"elementor-section elementor-top-section elementor-element elementor-element-ed2fc6b elementor-section-boxed elementor-section-height-default elementor-section-height-default\" data-id=\"ed2fc6b\" data-element_type=\"section\" data-e-type=\"section\" data-settings=\"{&quot;_ha_eqh_enable&quot;:false}\">\n\t\t\t\t\t\t<div class=\"elementor-container elementor-column-gap-default\">\n\t\t\t\t\t<div class=\"elementor-column elementor-col-50 elementor-top-column elementor-element elementor-element-e82d22d\" data-id=\"e82d22d\" data-element_type=\"column\" data-e-type=\"column\">\n\t\t\t<div class=\"elementor-widget-wrap elementor-element-populated\">\n\t\t\t\t\t\t<section class=\"elementor-section elementor-inner-section elementor-element elementor-element-25f3088 elementor-section-boxed elementor-section-height-default elementor-section-height-default\" data-id=\"25f3088\" data-element_type=\"section\" data-e-type=\"section\" data-settings=\"{&quot;_ha_eqh_enable&quot;:false}\">\n\t\t\t\t\t\t<div class=\"elementor-container elementor-column-gap-default\">\n\t\t\t\t\t<div class=\"elementor-column elementor-col-100 elementor-inner-column elementor-element elementor-element-a2d2e25\" data-id=\"a2d2e25\" data-element_type=\"column\" data-e-type=\"column\">\n\t\t\t<div class=\"elementor-widget-wrap elementor-element-populated\">\n\t\t\t\t\t\t<div class=\"elementor-element elementor-element-66f91dc elementor-widget elementor-widget-heading\" data-id=\"66f91dc\" data-element_type=\"widget\" data-e-type=\"widget\" data-widget_type=\"heading.default\">\n\t\t\t\t<div class=\"elementor-widget-container\">\n\t\t\t\t\t<h2 class=\"elementor-heading-title elementor-size-default\">About Us<\/h2>\t\t\t\t<\/div>\n\t\t\t\t<\/div>\n\t\t\t\t<div class=\"elementor-element elementor-element-d6375ca elementor-widget-divider--view-line elementor-widget elementor-widget-divider\" data-id=\"d6375ca\" data-element_type=\"widget\" data-e-type=\"widget\" data-widget_type=\"divider.default\">\n\t\t\t\t<div class=\"elementor-widget-container\">\n\t\t\t\t\t\t\t<div class=\"elementor-divider\">\n\t\t\t<span class=\"elementor-divider-separator\">\n\t\t\t\t\t\t<\/span>\n\t\t<\/div>\n\t\t\t\t\t\t<\/div>\n\t\t\t\t<\/div>\n\t\t\t\t<div class=\"elementor-element elementor-element-4588a5d elementor-widget elementor-widget-text-editor\" data-id=\"4588a5d\" data-element_type=\"widget\" data-e-type=\"widget\" data-widget_type=\"text-editor.default\">\n\t\t\t\t<div class=\"elementor-widget-container\">\n\t\t\t\t\t\t\t\t\t<div id=\"comp-kwaqdtl2\" class=\"KcpHeO tz5f0K comp-kwaqdtl2 wixui-rich-text\" data-testid=\"richTextElement\"><p class=\"font_7 wixui-rich-text__text\">More than 20 years of experience<\/p><\/div>\t\t\t\t\t\t\t\t<\/div>\n\t\t\t\t<\/div>\n\t\t\t\t<div class=\"elementor-element elementor-element-862a94d elementor-widget elementor-widget-text-editor\" data-id=\"862a94d\" data-element_type=\"widget\" data-e-type=\"widget\" data-widget_type=\"text-editor.default\">\n\t\t\t\t<div class=\"elementor-widget-container\">\n\t\t\t\t\t\t\t\t\t<p>We are a reputable company well-recognized within Puerto Rican society. We understand the level of safety required for the proper use of an elevator. That\u2019s why, at Delta Elevator Systems, we have assembled a team of technicians with the highest level of professionalism and market expertise. We consistently exceed quality expectations, ensuring complete satisfaction with our results.<\/p>\t\t\t\t\t\t\t\t<\/div>\n\t\t\t\t<\/div>\n\t\t\t\t<div class=\"elementor-element elementor-element-1c463fe pa-icon-pos-before premium-lq__none elementor-widget elementor-widget-premium-addon-button\" data-id=\"1c463fe\" data-element_type=\"widget\" data-e-type=\"widget\" data-widget_type=\"premium-addon-button.default\">\n\t\t\t\t<div class=\"elementor-widget-container\">\n\t\t\t\t\t\n\n\t\t<a class=\"premium-button premium-button-none premium-btn-sm premium-button-none\" href=\"https:\/\/deltaelevatorsystems.net\/wp-content\/uploads\/sites\/12\/2023\/12\/DeltaElevatorSystems_2018.pdf\" target=\"_blank\">\n\t\t\t<div class=\"premium-button-text-icon-wrapper\">\n\t\t\t\t\n\t\t\t\t\t\t\t\t\t\t\t\t\t\t\t\t\t\t<svg xmlns=\"http:\/\/www.w3.org\/2000\/svg\" data-bbox=\"34.1 20 131.8 160\" viewbox=\"0 0 200 200\" data-type=\"shape\"><g><path d=\"M109.6 29.4H52.9c-5.2 0-9.4 4.2-9.4 9.4v122.4c0 5.2 4.2 9.4 9.4 9.4h94.2c5.2 0 9.4-4.2 9.4-9.4V76.5h-33.7c-7.9 0-13.2-5.7-13.2-13.5V29.4zm9.4 4.9V63c0 2.8 1.2 4.1 3.8 4.1h29L119 34.3zM147.1 180H52.9c-10.4 0-18.8-8.4-18.8-18.8V38.8c0-10.4 8.4-18.8 18.8-18.8H118l47.9 47.9v93.3c0 10.4-8.4 18.8-18.8 18.8z\"><\/path><\/g><\/svg>\t\t\t\t\t\t\t\t\t\t\t\t\t\t\t\n\t\t\t\t\t\t\t\t\t<span >\n\t\t\t\t\t\tDOWNLOAD OUR PRESENTATION (PDF)\t\t\t\t\t<\/span>\n\t\t\t\t\t\t\t<\/div>\n\n\t\t\t\n\t\t\t\n\t\t\t\n\t\t<\/a>\n\n\n\t\t\t\t\t\t<\/div>\n\t\t\t\t<\/div>\n\t\t\t\t\t<\/div>\n\t\t<\/div>\n\t\t\t\t\t<\/div>\n\t\t<\/section>\n\t\t\t\t\t<\/div>\n\t\t<\/div>\n\t\t\t\t<div class=\"elementor-column elementor-col-50 elementor-top-column elementor-element elementor-element-444aaa7\" data-id=\"444aaa7\" data-element_type=\"column\" data-e-type=\"column\">\n\t\t\t<div class=\"elementor-widget-wrap elementor-element-populated\">\n\t\t\t\t\t\t<div class=\"elementor-element elementor-element-cd3f88b elementor-widget__width-initial elementor-widget elementor-widget-image\" data-id=\"cd3f88b\" data-element_type=\"widget\" data-e-type=\"widget\" data-widget_type=\"image.default\">\n\t\t\t\t<div class=\"elementor-widget-container\">\n\t\t\t\t\t\t\t\t\t\t\t\t\t\t\t<img fetchpriority=\"high\" decoding=\"async\" width=\"1000\" height=\"1000\" src=\"https:\/\/deltaelevatorsystems.net\/wp-content\/uploads\/sites\/12\/2024\/03\/Delta-Inverted-3.jpeg\" class=\"attachment-full size-full wp-image-394\" alt=\"\" srcset=\"https:\/\/deltaelevatorsystems.net\/wp-content\/uploads\/sites\/12\/2024\/03\/Delta-Inverted-3.jpeg 1000w, https:\/\/deltaelevatorsystems.net\/wp-content\/uploads\/sites\/12\/2024\/03\/Delta-Inverted-3-300x300.jpeg 300w, https:\/\/deltaelevatorsystems.net\/wp-content\/uploads\/sites\/12\/2024\/03\/Delta-Inverted-3-150x150.jpeg 150w, https:\/\/deltaelevatorsystems.net\/wp-content\/uploads\/sites\/12\/2024\/03\/Delta-Inverted-3-768x768.jpeg 768w, https:\/\/deltaelevatorsystems.net\/wp-content\/uploads\/sites\/12\/2024\/03\/Delta-Inverted-3-12x12.jpeg 12w\" sizes=\"(max-width: 1000px) 100vw, 1000px\" \/>\t\t\t\t\t\t\t\t\t\t\t\t\t\t\t<\/div>\n\t\t\t\t<\/div>\n\t\t\t\t\t<\/div>\n\t\t<\/div>\n\t\t\t\t\t<\/div>\n\t\t<\/section>\n\t\t\t\t<section class=\"elementor-section elementor-top-section elementor-element elementor-element-d2a2aa0 elementor-section-boxed elementor-section-height-default elementor-section-height-default\" data-id=\"d2a2aa0\" data-element_type=\"section\" data-e-type=\"section\" data-settings=\"{&quot;background_background&quot;:&quot;classic&quot;,&quot;_ha_eqh_enable&quot;:false}\">\n\t\t\t\t\t\t<div class=\"elementor-container elementor-column-gap-default\">\n\t\t\t\t\t<div class=\"elementor-column elementor-col-100 elementor-top-column elementor-element elementor-element-7bef45e\" data-id=\"7bef45e\" data-element_type=\"column\" data-e-type=\"column\">\n\t\t\t<div class=\"elementor-widget-wrap elementor-element-populated\">\n\t\t\t\t\t\t<div class=\"elementor-element elementor-element-ed267af elementor-widget elementor-widget-text-editor\" data-id=\"ed267af\" data-element_type=\"widget\" data-e-type=\"widget\" data-widget_type=\"text-editor.default\">\n\t\t\t\t<div class=\"elementor-widget-container\">\n\t\t\t\t\t\t\t\t\t<p>Our company provides our audience with expert knowledge and the best technical solutions to their requirements, always aligned with high standards of quality and safety<\/p>\t\t\t\t\t\t\t\t<\/div>\n\t\t\t\t<\/div>\n\t\t\t\t\t<\/div>\n\t\t<\/div>\n\t\t\t\t\t<\/div>\n\t\t<\/section>\n\t\t\t\t<\/div>","protected":false},"excerpt":{"rendered":"<p>INSTALACI\u00d3N, SERVICIO Y MANTENIMIENTO DE ELEVADORES Delta Elevator Systems cuenta con m\u00e1s de 20 a\u00f1os de experiencia y reconocimiento en Puerto Rico. +1-787-261-0077 Ver Servicios \u00bfUsted no se siente seguro al subir en el ascensor de su edificio? Entonces es porque no ha sido instalado con la garant\u00eda de Delta Elevator Systems, LL. Somos una [&hellip;]<\/p>","protected":false},"author":1,"featured_media":270,"parent":0,"menu_order":0,"comment_status":"closed","ping_status":"closed","template":"","meta":{"footnotes":""},"class_list":["post-17","page","type-page","status-publish","has-post-thumbnail","hentry"],"yoast_head":"<!-- This site is optimized with the Yoast SEO plugin v27.4 - https:\/\/yoast.com\/product\/yoast-seo-wordpress\/ -->\n<title>Elevadores en Puerto Rico - Delta Elevator Systems<\/title>\n<meta name=\"description\" content=\"Instalamos, modernizamos y damos mantenimiento a elevadores en Puerto Rico. Con m\u00e1s de 20 a\u00f1os de experiencia, Delta Elevator ofrece servicio confiable y seguro.\" \/>\n<meta name=\"robots\" content=\"index, follow, max-snippet:-1, max-image-preview:large, max-video-preview:-1\" \/>\n<link rel=\"canonical\" href=\"https:\/\/deltaelevatorsystems.net\/en\/\" \/>\n<meta property=\"og:locale\" content=\"en_US\" \/>\n<meta property=\"og:type\" content=\"article\" \/>\n<meta property=\"og:title\" content=\"Elevadores en Puerto Rico - Delta Elevator Systems\" \/>\n<meta property=\"og:description\" content=\"Instalamos, modernizamos y damos mantenimiento a elevadores en Puerto Rico. Con m\u00e1s de 20 a\u00f1os de experiencia, Delta Elevator ofrece servicio confiable y seguro.\" \/>\n<meta property=\"og:url\" content=\"https:\/\/deltaelevatorsystems.net\/en\/\" \/>\n<meta property=\"og:site_name\" content=\"Delta Elevator Systems\" \/>\n<meta property=\"article:modified_time\" content=\"2025-11-24T13:22:21+00:00\" \/>\n<meta property=\"og:image\" content=\"https:\/\/deltaelevatorsystems.net\/wp-content\/uploads\/sites\/12\/2023\/12\/Untitled.jpg\" \/>\n\t<meta property=\"og:image:width\" content=\"446\" \/>\n\t<meta property=\"og:image:height\" content=\"296\" \/>\n\t<meta property=\"og:image:type\" content=\"image\/jpeg\" \/>\n<meta name=\"twitter:card\" content=\"summary_large_image\" \/>\n<meta name=\"twitter:title\" content=\"Elevadores en Puerto Rico - Delta Elevator Systems\" \/>\n<meta name=\"twitter:description\" content=\"Instalamos, modernizamos y damos mantenimiento a elevadores en Puerto Rico. Con m\u00e1s de 20 a\u00f1os de experiencia, Delta Elevator ofrece servicio confiable y seguro.\" \/>\n<meta name=\"twitter:image\" content=\"https:\/\/deltaelevatorsystems.net\/wp-content\/uploads\/sites\/12\/2023\/12\/Untitled.jpg\" \/>\n<meta name=\"twitter:label1\" content=\"Est. reading time\" \/>\n\t<meta name=\"twitter:data1\" content=\"2 minutes\" \/>\n<script type=\"application\/ld+json\" class=\"yoast-schema-graph\">{\"@context\":\"https:\\\/\\\/schema.org\",\"@graph\":[{\"@type\":\"WebPage\",\"@id\":\"https:\\\/\\\/deltaelevatorsystems.net\\\/\",\"url\":\"https:\\\/\\\/deltaelevatorsystems.net\\\/\",\"name\":\"Elevadores en Puerto Rico - Delta Elevator Systems\",\"isPartOf\":{\"@id\":\"https:\\\/\\\/deltaelevatorsystems.net\\\/#website\"},\"primaryImageOfPage\":{\"@id\":\"https:\\\/\\\/deltaelevatorsystems.net\\\/#primaryimage\"},\"image\":{\"@id\":\"https:\\\/\\\/deltaelevatorsystems.net\\\/#primaryimage\"},\"thumbnailUrl\":\"https:\\\/\\\/deltaelevatorsystems.net\\\/wp-content\\\/uploads\\\/sites\\\/12\\\/2023\\\/12\\\/Untitled.jpg\",\"datePublished\":\"2023-11-03T17:28:20+00:00\",\"dateModified\":\"2025-11-24T13:22:21+00:00\",\"description\":\"Instalamos, modernizamos y damos mantenimiento a elevadores en Puerto Rico. Con m\u00e1s de 20 a\u00f1os de experiencia, Delta Elevator ofrece servicio confiable y seguro.\",\"breadcrumb\":{\"@id\":\"https:\\\/\\\/deltaelevatorsystems.net\\\/#breadcrumb\"},\"inLanguage\":\"en-US\",\"potentialAction\":[{\"@type\":\"ReadAction\",\"target\":[\"https:\\\/\\\/deltaelevatorsystems.net\\\/\"]}]},{\"@type\":\"ImageObject\",\"inLanguage\":\"en-US\",\"@id\":\"https:\\\/\\\/deltaelevatorsystems.net\\\/#primaryimage\",\"url\":\"https:\\\/\\\/deltaelevatorsystems.net\\\/wp-content\\\/uploads\\\/sites\\\/12\\\/2023\\\/12\\\/Untitled.jpg\",\"contentUrl\":\"https:\\\/\\\/deltaelevatorsystems.net\\\/wp-content\\\/uploads\\\/sites\\\/12\\\/2023\\\/12\\\/Untitled.jpg\",\"width\":446,\"height\":296,\"caption\":\"Ascensores\"},{\"@type\":\"BreadcrumbList\",\"@id\":\"https:\\\/\\\/deltaelevatorsystems.net\\\/#breadcrumb\",\"itemListElement\":[{\"@type\":\"ListItem\",\"position\":1,\"name\":\"Home\",\"item\":\"https:\\\/\\\/deltaelevatorsystems.net\\\/\"},{\"@type\":\"ListItem\",\"position\":2,\"name\":\"Inicio\"}]},{\"@type\":\"WebSite\",\"@id\":\"https:\\\/\\\/deltaelevatorsystems.net\\\/#website\",\"url\":\"https:\\\/\\\/deltaelevatorsystems.net\\\/\",\"name\":\"Delta Elevator Systems\",\"description\":\"Instalaci\u00f3n, Servicio Y Mantenimiento de elevadores\",\"publisher\":{\"@id\":\"https:\\\/\\\/deltaelevatorsystems.net\\\/#organization\"},\"potentialAction\":[{\"@type\":\"SearchAction\",\"target\":{\"@type\":\"EntryPoint\",\"urlTemplate\":\"https:\\\/\\\/deltaelevatorsystems.net\\\/?s={search_term_string}\"},\"query-input\":{\"@type\":\"PropertyValueSpecification\",\"valueRequired\":true,\"valueName\":\"search_term_string\"}}],\"inLanguage\":\"en-US\"},{\"@type\":\"Organization\",\"@id\":\"https:\\\/\\\/deltaelevatorsystems.net\\\/#organization\",\"name\":\"Delta Elevator Systems\",\"url\":\"https:\\\/\\\/deltaelevatorsystems.net\\\/\",\"logo\":{\"@type\":\"ImageObject\",\"inLanguage\":\"en-US\",\"@id\":\"https:\\\/\\\/deltaelevatorsystems.net\\\/#\\\/schema\\\/logo\\\/image\\\/\",\"url\":\"https:\\\/\\\/deltaelevatorsystems.net\\\/wp-content\\\/uploads\\\/sites\\\/12\\\/2023\\\/11\\\/Delta-Elevator-System-Logo.png\",\"contentUrl\":\"https:\\\/\\\/deltaelevatorsystems.net\\\/wp-content\\\/uploads\\\/sites\\\/12\\\/2023\\\/11\\\/Delta-Elevator-System-Logo.png\",\"width\":193,\"height\":72,\"caption\":\"Delta Elevator Systems\"},\"image\":{\"@id\":\"https:\\\/\\\/deltaelevatorsystems.net\\\/#\\\/schema\\\/logo\\\/image\\\/\"}}]}<\/script>\n<!-- \/ Yoast SEO plugin. -->","yoast_head_json":{"title":"Elevadores en Puerto Rico - Delta Elevator Systems","description":"Instalamos, modernizamos y damos mantenimiento a elevadores en Puerto Rico. Con m\u00e1s de 20 a\u00f1os de experiencia, Delta Elevator ofrece servicio confiable y seguro.","robots":{"index":"index","follow":"follow","max-snippet":"max-snippet:-1","max-image-preview":"max-image-preview:large","max-video-preview":"max-video-preview:-1"},"canonical":"https:\/\/deltaelevatorsystems.net\/en\/","og_locale":"en_US","og_type":"article","og_title":"Elevadores en Puerto Rico - Delta Elevator Systems","og_description":"Instalamos, modernizamos y damos mantenimiento a elevadores en Puerto Rico. Con m\u00e1s de 20 a\u00f1os de experiencia, Delta Elevator ofrece servicio confiable y seguro.","og_url":"https:\/\/deltaelevatorsystems.net\/en\/","og_site_name":"Delta Elevator Systems","article_modified_time":"2025-11-24T13:22:21+00:00","og_image":[{"width":446,"height":296,"url":"https:\/\/deltaelevatorsystems.net\/wp-content\/uploads\/sites\/12\/2023\/12\/Untitled.jpg","type":"image\/jpeg"}],"twitter_card":"summary_large_image","twitter_title":"Elevadores en Puerto Rico - Delta Elevator Systems","twitter_description":"Instalamos, modernizamos y damos mantenimiento a elevadores en Puerto Rico. Con m\u00e1s de 20 a\u00f1os de experiencia, Delta Elevator ofrece servicio confiable y seguro.","twitter_image":"https:\/\/deltaelevatorsystems.net\/wp-content\/uploads\/sites\/12\/2023\/12\/Untitled.jpg","twitter_misc":{"Est. reading time":"2 minutes"},"schema":{"@context":"https:\/\/schema.org","@graph":[{"@type":"WebPage","@id":"https:\/\/deltaelevatorsystems.net\/","url":"https:\/\/deltaelevatorsystems.net\/","name":"Elevadores en Puerto Rico - Delta Elevator Systems","isPartOf":{"@id":"https:\/\/deltaelevatorsystems.net\/#website"},"primaryImageOfPage":{"@id":"https:\/\/deltaelevatorsystems.net\/#primaryimage"},"image":{"@id":"https:\/\/deltaelevatorsystems.net\/#primaryimage"},"thumbnailUrl":"https:\/\/deltaelevatorsystems.net\/wp-content\/uploads\/sites\/12\/2023\/12\/Untitled.jpg","datePublished":"2023-11-03T17:28:20+00:00","dateModified":"2025-11-24T13:22:21+00:00","description":"Instalamos, modernizamos y damos mantenimiento a elevadores en Puerto Rico. Con m\u00e1s de 20 a\u00f1os de experiencia, Delta Elevator ofrece servicio confiable y seguro.","breadcrumb":{"@id":"https:\/\/deltaelevatorsystems.net\/#breadcrumb"},"inLanguage":"en-US","potentialAction":[{"@type":"ReadAction","target":["https:\/\/deltaelevatorsystems.net\/"]}]},{"@type":"ImageObject","inLanguage":"en-US","@id":"https:\/\/deltaelevatorsystems.net\/#primaryimage","url":"https:\/\/deltaelevatorsystems.net\/wp-content\/uploads\/sites\/12\/2023\/12\/Untitled.jpg","contentUrl":"https:\/\/deltaelevatorsystems.net\/wp-content\/uploads\/sites\/12\/2023\/12\/Untitled.jpg","width":446,"height":296,"caption":"Ascensores"},{"@type":"BreadcrumbList","@id":"https:\/\/deltaelevatorsystems.net\/#breadcrumb","itemListElement":[{"@type":"ListItem","position":1,"name":"Home","item":"https:\/\/deltaelevatorsystems.net\/"},{"@type":"ListItem","position":2,"name":"Inicio"}]},{"@type":"WebSite","@id":"https:\/\/deltaelevatorsystems.net\/#website","url":"https:\/\/deltaelevatorsystems.net\/","name":"Delta Elevator Systems","description":"Instalaci\u00f3n, Servicio Y Mantenimiento de elevadores","publisher":{"@id":"https:\/\/deltaelevatorsystems.net\/#organization"},"potentialAction":[{"@type":"SearchAction","target":{"@type":"EntryPoint","urlTemplate":"https:\/\/deltaelevatorsystems.net\/?s={search_term_string}"},"query-input":{"@type":"PropertyValueSpecification","valueRequired":true,"valueName":"search_term_string"}}],"inLanguage":"en-US"},{"@type":"Organization","@id":"https:\/\/deltaelevatorsystems.net\/#organization","name":"Delta Elevator Systems","url":"https:\/\/deltaelevatorsystems.net\/","logo":{"@type":"ImageObject","inLanguage":"en-US","@id":"https:\/\/deltaelevatorsystems.net\/#\/schema\/logo\/image\/","url":"https:\/\/deltaelevatorsystems.net\/wp-content\/uploads\/sites\/12\/2023\/11\/Delta-Elevator-System-Logo.png","contentUrl":"https:\/\/deltaelevatorsystems.net\/wp-content\/uploads\/sites\/12\/2023\/11\/Delta-Elevator-System-Logo.png","width":193,"height":72,"caption":"Delta Elevator Systems"},"image":{"@id":"https:\/\/deltaelevatorsystems.net\/#\/schema\/logo\/image\/"}}]}},"_links":{"self":[{"href":"https:\/\/deltaelevatorsystems.net\/en\/wp-json\/wp\/v2\/pages\/17","targetHints":{"allow":["GET"]}}],"collection":[{"href":"https:\/\/deltaelevatorsystems.net\/en\/wp-json\/wp\/v2\/pages"}],"about":[{"href":"https:\/\/deltaelevatorsystems.net\/en\/wp-json\/wp\/v2\/types\/page"}],"author":[{"embeddable":true,"href":"https:\/\/deltaelevatorsystems.net\/en\/wp-json\/wp\/v2\/users\/1"}],"replies":[{"embeddable":true,"href":"https:\/\/deltaelevatorsystems.net\/en\/wp-json\/wp\/v2\/comments?post=17"}],"version-history":[{"count":16,"href":"https:\/\/deltaelevatorsystems.net\/en\/wp-json\/wp\/v2\/pages\/17\/revisions"}],"predecessor-version":[{"id":468,"href":"https:\/\/deltaelevatorsystems.net\/en\/wp-json\/wp\/v2\/pages\/17\/revisions\/468"}],"wp:featuredmedia":[{"embeddable":true,"href":"https:\/\/deltaelevatorsystems.net\/en\/wp-json\/wp\/v2\/media\/270"}],"wp:attachment":[{"href":"https:\/\/deltaelevatorsystems.net\/en\/wp-json\/wp\/v2\/media?parent=17"}],"curies":[{"name":"wp","href":"https:\/\/api.w.org\/{rel}","templated":true}]}}