{"id":78,"date":"2023-11-15T16:26:19","date_gmt":"2023-11-15T16:26:19","guid":{"rendered":"https:\/\/web8.infopaginaswebhost.com\/deltaelevatorsystems\/?page_id=78"},"modified":"2025-11-24T13:24:18","modified_gmt":"2025-11-24T13:24:18","slug":"contacto","status":"publish","type":"page","link":"https:\/\/deltaelevatorsystems.net\/en\/contacto\/","title":{"rendered":"Contact"},"content":{"rendered":"<div data-elementor-type=\"wp-page\" data-elementor-id=\"78\" class=\"elementor elementor-78\" data-elementor-settings=\"{&quot;ha_cmc_init_switcher&quot;:&quot;no&quot;}\">\n\t\t\t\t\t\t<section class=\"elementor-section elementor-top-section elementor-element elementor-element-3aa1bcc elementor-section-height-min-height elementor-section-boxed elementor-section-height-default elementor-section-items-middle\" data-id=\"3aa1bcc\" data-element_type=\"section\" data-e-type=\"section\" data-settings=\"{&quot;background_background&quot;:&quot;classic&quot;,&quot;_ha_eqh_enable&quot;:false}\">\n\t\t\t\t\t\t\t<div class=\"elementor-background-overlay\"><\/div>\n\t\t\t\t\t\t\t<div class=\"elementor-container elementor-column-gap-default\">\n\t\t\t\t\t<div class=\"elementor-column elementor-col-100 elementor-top-column elementor-element elementor-element-a877351\" data-id=\"a877351\" data-element_type=\"column\" data-e-type=\"column\">\n\t\t\t<div class=\"elementor-widget-wrap elementor-element-populated\">\n\t\t\t\t\t\t<div class=\"elementor-element elementor-element-cd1156b elementor-widget elementor-widget-heading\" data-id=\"cd1156b\" data-element_type=\"widget\" data-e-type=\"widget\" data-widget_type=\"heading.default\">\n\t\t\t\t<div class=\"elementor-widget-container\">\n\t\t\t\t\t<h1 class=\"elementor-heading-title elementor-size-default\">CONTACT US<\/h1>\t\t\t\t<\/div>\n\t\t\t\t<\/div>\n\t\t\t\t<div class=\"elementor-element elementor-element-482bf25 elementor-widget elementor-widget-text-editor\" data-id=\"482bf25\" data-element_type=\"widget\" data-e-type=\"widget\" data-widget_type=\"text-editor.default\">\n\t\t\t\t<div class=\"elementor-widget-container\">\n\t\t\t\t\t\t\t\t\t<p>The staff at Delta Elevator Systems will address all your questions and concerns about our elevators.<\/p>\t\t\t\t\t\t\t\t<\/div>\n\t\t\t\t<\/div>\n\t\t\t\t<div class=\"elementor-element elementor-element-77f2b7e premium-lq__none elementor-widget elementor-widget-premium-addon-button\" data-id=\"77f2b7e\" data-element_type=\"widget\" data-e-type=\"widget\" data-widget_type=\"premium-addon-button.default\">\n\t\t\t\t<div class=\"elementor-widget-container\">\n\t\t\t\t\t\r\n\r\n\t\t<a class=\"premium-button premium-button-none premium-btn-lg premium-button-none\" href=\"#Contacto\">\r\n\t\t\t<div class=\"premium-button-text-icon-wrapper\">\r\n\t\t\t\t\r\n\t\t\t\t\t\t\t\t\t\t\t\t\t\t\t\t\t\t<svg xmlns=\"http:\/\/www.w3.org\/2000\/svg\" data-bbox=\"33 33.001 134 133.999\" viewbox=\"0 0 200 200\" data-type=\"shape\"><g><path d=\"M165.828 34.173a3.996 3.996 0 0 0-4.54-.787l-126 59.684a4 4 0 0 0 .742 7.496l50.723 12.681 12.681 50.723a4 4 0 0 0 7.495.743l59.684-125.999a3.996 3.996 0 0 0-.785-4.541zm-61.343 117.014-10.552-42.209a4 4 0 0 0-2.911-2.911L48.814 95.515 154.591 45.41l-50.106 105.777z\"><\/path><\/g><\/svg>\t\t\t\t\t\t\t\t\t\t\t\t\t\t\t\r\n\t\t\t\t\t\t\t\t\t<span >\r\n\t\t\t\t\t\tSEND US A MESSAGE\t\t\t\t\t<\/span>\r\n\t\t\t\t\t\t\t<\/div>\r\n\r\n\t\t\t\r\n\t\t\t\r\n\t\t\t\r\n\t\t<\/a>\r\n\r\n\r\n\t\t\t\t\t\t<\/div>\n\t\t\t\t<\/div>\n\t\t\t\t\t<\/div>\n\t\t<\/div>\n\t\t\t\t\t<\/div>\n\t\t<\/section>\n\t\t\t\t<section class=\"elementor-section elementor-top-section elementor-element elementor-element-f3fea4b elementor-section-boxed elementor-section-height-default elementor-section-height-default\" data-id=\"f3fea4b\" data-element_type=\"section\" data-e-type=\"section\" id=\"Contacto\" data-settings=\"{&quot;_ha_eqh_enable&quot;:false}\">\n\t\t\t\t\t\t<div class=\"elementor-container elementor-column-gap-default\">\n\t\t\t\t\t<div class=\"elementor-column elementor-col-50 elementor-top-column elementor-element elementor-element-008689a\" data-id=\"008689a\" data-element_type=\"column\" data-e-type=\"column\">\n\t\t\t<div class=\"elementor-widget-wrap elementor-element-populated\">\n\t\t\t\t\t\t<div class=\"elementor-element elementor-element-846e9c9 elementor-widget elementor-widget-text-editor\" data-id=\"846e9c9\" data-element_type=\"widget\" data-e-type=\"widget\" data-widget_type=\"text-editor.default\">\n\t\t\t\t<div class=\"elementor-widget-container\">\n\t\t\t\t\t\t\t\t\t<p>Delta Elevator Systems, LLC.<\/p>\t\t\t\t\t\t\t\t<\/div>\n\t\t\t\t<\/div>\n\t\t\t\t<div class=\"elementor-element elementor-element-3b15515 elementor-widget elementor-widget-text-editor\" data-id=\"3b15515\" data-element_type=\"widget\" data-e-type=\"widget\" data-widget_type=\"text-editor.default\">\n\t\t\t\t<div class=\"elementor-widget-container\">\n\t\t\t\t\t\t\t\t\t<p>We work all over the island<br \/>Phones: <span style=\"color: #717171;\"><a style=\"color: #717171;\" href=\"tel:+1787-261-0077\">(787) 261-0077<\/a> |<a style=\"color: #717171;\" href=\"tel:+1-787-221-7382\"> (787) 221-7382<\/a><\/span><br \/>Email: <span style=\"color: #f1bd48;\"><a style=\"color: #f1bd48;\" href=\"mailto:deltaelevator@gmail.com\">deltaelevator@gmail.com<\/a><\/span><\/p>\t\t\t\t\t\t\t\t<\/div>\n\t\t\t\t<\/div>\n\t\t\t\t<div class=\"elementor-element elementor-element-39f8c9a elementor-widget elementor-widget-html\" data-id=\"39f8c9a\" data-element_type=\"widget\" data-e-type=\"widget\" data-widget_type=\"html.default\">\n\t\t\t\t<div class=\"elementor-widget-container\">\n\t\t\t\t\t<style>\r\n    button#wpforms-submit-56{\r\n        background-color: #013CA6 !important;\r\n        color:white;\r\n    }\r\n    button#wpforms-submit-56:hover{\r\n        background-color: #F7D793 !important;\r\n        color:white;\r\n    }\r\n<\/style>\t\t\t\t<\/div>\n\t\t\t\t<\/div>\n\t\t\t\t<div class=\"elementor-element elementor-element-8a04bd4 elementor-widget__width-initial elementor-widget elementor-widget-image\" data-id=\"8a04bd4\" data-element_type=\"widget\" data-e-type=\"widget\" data-widget_type=\"image.default\">\n\t\t\t\t<div class=\"elementor-widget-container\">\n\t\t\t\t\t\t\t\t\t\t\t\t\t\t\t<img fetchpriority=\"high\" decoding=\"async\" width=\"683\" height=\"1024\" src=\"https:\/\/deltaelevatorsystems.net\/wp-content\/uploads\/sites\/12\/2024\/03\/Delta-Inverted-4-683x1024.jpeg\" class=\"attachment-large size-large wp-image-418\" alt=\"\" srcset=\"https:\/\/deltaelevatorsystems.net\/wp-content\/uploads\/sites\/12\/2024\/03\/Delta-Inverted-4-683x1024.jpeg 683w, https:\/\/deltaelevatorsystems.net\/wp-content\/uploads\/sites\/12\/2024\/03\/Delta-Inverted-4-200x300.jpeg 200w, https:\/\/deltaelevatorsystems.net\/wp-content\/uploads\/sites\/12\/2024\/03\/Delta-Inverted-4-768x1152.jpeg 768w, https:\/\/deltaelevatorsystems.net\/wp-content\/uploads\/sites\/12\/2024\/03\/Delta-Inverted-4-8x12.jpeg 8w, https:\/\/deltaelevatorsystems.net\/wp-content\/uploads\/sites\/12\/2024\/03\/Delta-Inverted-4.jpeg 1000w\" sizes=\"(max-width: 683px) 100vw, 683px\" \/>\t\t\t\t\t\t\t\t\t\t\t\t\t\t\t<\/div>\n\t\t\t\t<\/div>\n\t\t\t\t\t<\/div>\n\t\t<\/div>\n\t\t\t\t<div class=\"elementor-column elementor-col-50 elementor-top-column elementor-element elementor-element-d2a1968\" data-id=\"d2a1968\" data-element_type=\"column\" data-e-type=\"column\">\n\t\t\t<div class=\"elementor-widget-wrap elementor-element-populated\">\n\t\t\t\t\t\t<div class=\"elementor-element elementor-element-e96ed25 ha-form-btn--left elementor-widget elementor-widget-ha-wpform happy-addon ha-wpform\" data-id=\"e96ed25\" data-element_type=\"widget\" data-e-type=\"widget\" data-widget_type=\"ha-wpform.default\">\n\t\t\t\t<div class=\"elementor-widget-container\">\n\t\t\t\t\t<style id=\"wpforms-css-vars-56\">\n\t\t\t\t#wpforms-56 {\n\t\t\t\t\n\t\t\t}\n\t\t\t<\/style><div class=\"wpforms-container wpforms-container-full wpforms-render-modern\" id=\"wpforms-56\"><form id=\"wpforms-form-56\" class=\"wpforms-validate wpforms-form wpforms-ajax-form\" data-formid=\"56\" method=\"post\" enctype=\"multipart\/form-data\" action=\"\/en\/wp-json\/wp\/v2\/pages\/78\" data-token=\"5c419675982022a38cdb3d5e95433f08\" data-token-time=\"1777637644\" data-trp-original-action=\"\/en\/wp-json\/wp\/v2\/pages\/78\"><noscript class=\"wpforms-error-noscript\">Please enable JavaScript in your browser to complete this form.<\/noscript><div id=\"wpforms-error-noscript\" style=\"display: none;\">Please enable JavaScript in your browser to complete this form.<\/div><div class=\"wpforms-field-container\"><div id=\"wpforms-56-field_5-container\" class=\"wpforms-field wpforms-field-text\" data-field-id=\"5\"><label class=\"wpforms-field-label wpforms-label-hide\" for=\"wpforms-56-field_5\" aria-hidden=\"false\">Url<\/label><input type=\"text\" id=\"wpforms-56-field_5\" class=\"wpforms-field-medium\" name=\"wpforms[fields][5]\" value=\"deltaelevatorsystems.net\" aria-errormessage=\"wpforms-56-field_5-error\" ><\/div><div id=\"wpforms-56-field_1-container\" class=\"wpforms-field wpforms-field-name\" data-field-id=\"1\"><label class=\"wpforms-field-label\" for=\"wpforms-56-field_1\">Name <span class=\"wpforms-required-label\" aria-hidden=\"true\">*<\/span><\/label><input type=\"text\" id=\"wpforms-56-field_1\" class=\"wpforms-field-large wpforms-field-required\" name=\"wpforms[fields][1]\" aria-errormessage=\"wpforms-56-field_1-error\" required><\/div><div id=\"wpforms-56-field_2-container\" class=\"wpforms-field wpforms-field-email\" data-field-id=\"2\"><label class=\"wpforms-field-label\" for=\"wpforms-56-field_2\">Email <span class=\"wpforms-required-label\" aria-hidden=\"true\">*<\/span><\/label><input type=\"email\" id=\"wpforms-56-field_2\" class=\"wpforms-field-large wpforms-field-required\" name=\"wpforms[fields][2]\" spellcheck=\"false\" aria-errormessage=\"wpforms-56-field_2-error\" required><\/div><div id=\"wpforms-56-field_3-container\" class=\"wpforms-field wpforms-field-phone\" data-field-id=\"3\"><label class=\"wpforms-field-label\" for=\"wpforms-56-field_3\">Phone:<\/label><input type=\"tel\" id=\"wpforms-56-field_3\" class=\"wpforms-field-large\" data-rule-int-phone-field=\"true\" name=\"wpforms[fields][3]\" aria-label=\"Phone:\" aria-errormessage=\"wpforms-56-field_3-error\" ><\/div><div id=\"wpforms-56-field_4-container\" class=\"wpforms-field wpforms-field-textarea\" data-field-id=\"4\"><label class=\"wpforms-field-label\" for=\"wpforms-56-field_4\">Message<\/label><textarea id=\"wpforms-56-field_4\" class=\"wpforms-field-medium\" name=\"wpforms[fields][4]\" aria-errormessage=\"wpforms-56-field_4-error\" ><\/textarea><\/div><\/div><!-- .wpforms-field-container --><div class=\"wpforms-recaptcha-container wpforms-is-recaptcha wpforms-is-recaptcha-type-v3\" ><input type=\"hidden\" name=\"wpforms[recaptcha]\" value=\"\"><\/div><div class=\"wpforms-submit-container\" ><input type=\"hidden\" name=\"wpforms[id]\" value=\"56\"><input type=\"hidden\" name=\"page_title\" value=\"\"><input type=\"hidden\" name=\"page_url\" value=\"https:\/\/deltaelevatorsystems.net\/en\/wp-json\/wp\/v2\/pages\/78\"><input type=\"hidden\" name=\"url_referer\" value=\"\"><button type=\"submit\" name=\"wpforms[submit]\" id=\"wpforms-submit-56\" class=\"wpforms-submit\" data-alt-text=\"Sending...\" data-submit-text=\"Enviar\" aria-live=\"assertive\" value=\"wpforms-submit\">Send<\/button><img decoding=\"async\" data-src=\"https:\/\/deltaelevatorsystems.net\/wp-content\/plugins\/wpforms\/assets\/images\/submit-spin.svg\" class=\"wpforms-submit-spinner lazyload\" style=\"--smush-placeholder-width: 26px; --smush-placeholder-aspect-ratio: 26\/26;display: none;\" width=\"26\" height=\"26\" alt=\"Loading\" src=\"data:image\/svg+xml;base64,PHN2ZyB3aWR0aD0iMSIgaGVpZ2h0PSIxIiB4bWxucz0iaHR0cDovL3d3dy53My5vcmcvMjAwMC9zdmciPjwvc3ZnPg==\"><\/div><input type=\"hidden\" name=\"trp-form-language\" value=\"en\"\/><\/form><\/div>  <!-- .wpforms-container -->\t\t\t\t<\/div>\n\t\t\t\t<\/div>\n\t\t\t\t<div class=\"elementor-element elementor-element-a89eddb elementor-widget elementor-widget-html\" data-id=\"a89eddb\" data-element_type=\"widget\" data-e-type=\"widget\" data-widget_type=\"html.default\">\n\t\t\t\t<div class=\"elementor-widget-container\">\n\t\t\t\t\t<style>\n    \n    input#wpforms-56-field_5 {\n    display: none;\n}\n    \n    \n<\/style>\t\t\t\t<\/div>\n\t\t\t\t<\/div>\n\t\t\t\t\t<\/div>\n\t\t<\/div>\n\t\t\t\t\t<\/div>\n\t\t<\/section>\n\t\t\t\t<\/div>","protected":false},"excerpt":{"rendered":"<p>CONT\u00c1CTENOS El personal de Delta Elevator Systems atender\u00e1 todas tus dudas y preguntas sobre nuestros ascensores. ENV\u00cdENOS UN MENSAJE Delta Elevator Systems, LLC. Trabajamos toda la islaTel\u00e9fonos: (787) 261-0077 | (787) 221-7382Email: deltaelevator@gmail.com Please enable JavaScript in your browser to complete this form.Please enable JavaScript in your browser to complete this form.UrlNombre *Email *Tel\u00e9fonoMensaje Enviar<\/p>","protected":false},"author":1,"featured_media":0,"parent":0,"menu_order":0,"comment_status":"closed","ping_status":"closed","template":"elementor_header_footer","meta":{"footnotes":""},"class_list":["post-78","page","type-page","status-publish","hentry"],"yoast_head":"<!-- This site is optimized with the Yoast SEO plugin v27.4 - https:\/\/yoast.com\/product\/yoast-seo-wordpress\/ -->\n<title>Contacto Elevadores Puerto Rico - Delta Elevator<\/title>\n<meta name=\"description\" content=\"Contacta a Delta Elevator Systems para instalaci\u00f3n, mantenimiento o reparaci\u00f3n de elevadores en Puerto Rico. Servicio confiable y respuesta r\u00e1pida.\" \/>\n<meta name=\"robots\" content=\"index, follow, max-snippet:-1, max-image-preview:large, max-video-preview:-1\" \/>\n<link rel=\"canonical\" href=\"https:\/\/deltaelevatorsystems.net\/en\/contacto\/\" \/>\n<meta property=\"og:locale\" content=\"en_US\" \/>\n<meta property=\"og:type\" content=\"article\" \/>\n<meta property=\"og:title\" content=\"Contacto Elevadores Puerto Rico - Delta Elevator\" \/>\n<meta property=\"og:description\" content=\"Contacta a Delta Elevator Systems para instalaci\u00f3n, mantenimiento o reparaci\u00f3n de elevadores en Puerto Rico. Servicio confiable y respuesta r\u00e1pida.\" \/>\n<meta property=\"og:url\" content=\"https:\/\/deltaelevatorsystems.net\/en\/contacto\/\" \/>\n<meta property=\"og:site_name\" content=\"Delta Elevator Systems\" \/>\n<meta property=\"article:modified_time\" content=\"2025-11-24T13:24:18+00:00\" \/>\n<meta property=\"og:image\" content=\"https:\/\/deltaelevatorsystems.net\/wp-content\/uploads\/sites\/12\/2024\/03\/Delta-Inverted-4-683x1024.jpeg\" \/>\n<meta name=\"twitter:card\" content=\"summary_large_image\" \/>\n<meta name=\"twitter:label1\" content=\"Est. reading time\" \/>\n\t<meta name=\"twitter:data1\" content=\"1 minute\" \/>\n<script type=\"application\/ld+json\" class=\"yoast-schema-graph\">{\"@context\":\"https:\\\/\\\/schema.org\",\"@graph\":[{\"@type\":\"WebPage\",\"@id\":\"https:\\\/\\\/deltaelevatorsystems.net\\\/contacto\\\/\",\"url\":\"https:\\\/\\\/deltaelevatorsystems.net\\\/contacto\\\/\",\"name\":\"Contacto Elevadores Puerto Rico - Delta Elevator\",\"isPartOf\":{\"@id\":\"https:\\\/\\\/deltaelevatorsystems.net\\\/#website\"},\"primaryImageOfPage\":{\"@id\":\"https:\\\/\\\/deltaelevatorsystems.net\\\/contacto\\\/#primaryimage\"},\"image\":{\"@id\":\"https:\\\/\\\/deltaelevatorsystems.net\\\/contacto\\\/#primaryimage\"},\"thumbnailUrl\":\"https:\\\/\\\/deltaelevatorsystems.net\\\/wp-content\\\/uploads\\\/sites\\\/12\\\/2024\\\/03\\\/Delta-Inverted-4-683x1024.jpeg\",\"datePublished\":\"2023-11-15T16:26:19+00:00\",\"dateModified\":\"2025-11-24T13:24:18+00:00\",\"description\":\"Contacta a Delta Elevator Systems para instalaci\u00f3n, mantenimiento o reparaci\u00f3n de elevadores en Puerto Rico. Servicio confiable y respuesta r\u00e1pida.\",\"breadcrumb\":{\"@id\":\"https:\\\/\\\/deltaelevatorsystems.net\\\/contacto\\\/#breadcrumb\"},\"inLanguage\":\"en-US\",\"potentialAction\":[{\"@type\":\"ReadAction\",\"target\":[\"https:\\\/\\\/deltaelevatorsystems.net\\\/contacto\\\/\"]}]},{\"@type\":\"ImageObject\",\"inLanguage\":\"en-US\",\"@id\":\"https:\\\/\\\/deltaelevatorsystems.net\\\/contacto\\\/#primaryimage\",\"url\":\"https:\\\/\\\/deltaelevatorsystems.net\\\/wp-content\\\/uploads\\\/sites\\\/12\\\/2024\\\/03\\\/Delta-Inverted-4-683x1024.jpeg\",\"contentUrl\":\"https:\\\/\\\/deltaelevatorsystems.net\\\/wp-content\\\/uploads\\\/sites\\\/12\\\/2024\\\/03\\\/Delta-Inverted-4-683x1024.jpeg\"},{\"@type\":\"BreadcrumbList\",\"@id\":\"https:\\\/\\\/deltaelevatorsystems.net\\\/contacto\\\/#breadcrumb\",\"itemListElement\":[{\"@type\":\"ListItem\",\"position\":1,\"name\":\"Home\",\"item\":\"https:\\\/\\\/deltaelevatorsystems.net\\\/\"},{\"@type\":\"ListItem\",\"position\":2,\"name\":\"Contacto\"}]},{\"@type\":\"WebSite\",\"@id\":\"https:\\\/\\\/deltaelevatorsystems.net\\\/#website\",\"url\":\"https:\\\/\\\/deltaelevatorsystems.net\\\/\",\"name\":\"Delta Elevator Systems\",\"description\":\"Instalaci\u00f3n, Servicio Y Mantenimiento de elevadores\",\"publisher\":{\"@id\":\"https:\\\/\\\/deltaelevatorsystems.net\\\/#organization\"},\"potentialAction\":[{\"@type\":\"SearchAction\",\"target\":{\"@type\":\"EntryPoint\",\"urlTemplate\":\"https:\\\/\\\/deltaelevatorsystems.net\\\/?s={search_term_string}\"},\"query-input\":{\"@type\":\"PropertyValueSpecification\",\"valueRequired\":true,\"valueName\":\"search_term_string\"}}],\"inLanguage\":\"en-US\"},{\"@type\":\"Organization\",\"@id\":\"https:\\\/\\\/deltaelevatorsystems.net\\\/#organization\",\"name\":\"Delta Elevator Systems\",\"url\":\"https:\\\/\\\/deltaelevatorsystems.net\\\/\",\"logo\":{\"@type\":\"ImageObject\",\"inLanguage\":\"en-US\",\"@id\":\"https:\\\/\\\/deltaelevatorsystems.net\\\/#\\\/schema\\\/logo\\\/image\\\/\",\"url\":\"https:\\\/\\\/deltaelevatorsystems.net\\\/wp-content\\\/uploads\\\/sites\\\/12\\\/2023\\\/11\\\/Delta-Elevator-System-Logo.png\",\"contentUrl\":\"https:\\\/\\\/deltaelevatorsystems.net\\\/wp-content\\\/uploads\\\/sites\\\/12\\\/2023\\\/11\\\/Delta-Elevator-System-Logo.png\",\"width\":193,\"height\":72,\"caption\":\"Delta Elevator Systems\"},\"image\":{\"@id\":\"https:\\\/\\\/deltaelevatorsystems.net\\\/#\\\/schema\\\/logo\\\/image\\\/\"}}]}<\/script>\n<!-- \/ Yoast SEO plugin. -->","yoast_head_json":{"title":"Contacto Elevadores Puerto Rico - Delta Elevator","description":"Contacta a Delta Elevator Systems para instalaci\u00f3n, mantenimiento o reparaci\u00f3n de elevadores en Puerto Rico. Servicio confiable y respuesta r\u00e1pida.","robots":{"index":"index","follow":"follow","max-snippet":"max-snippet:-1","max-image-preview":"max-image-preview:large","max-video-preview":"max-video-preview:-1"},"canonical":"https:\/\/deltaelevatorsystems.net\/en\/contacto\/","og_locale":"en_US","og_type":"article","og_title":"Contacto Elevadores Puerto Rico - Delta Elevator","og_description":"Contacta a Delta Elevator Systems para instalaci\u00f3n, mantenimiento o reparaci\u00f3n de elevadores en Puerto Rico. Servicio confiable y respuesta r\u00e1pida.","og_url":"https:\/\/deltaelevatorsystems.net\/en\/contacto\/","og_site_name":"Delta Elevator Systems","article_modified_time":"2025-11-24T13:24:18+00:00","og_image":[{"url":"https:\/\/deltaelevatorsystems.net\/wp-content\/uploads\/sites\/12\/2024\/03\/Delta-Inverted-4-683x1024.jpeg","type":"","width":"","height":""}],"twitter_card":"summary_large_image","twitter_misc":{"Est. reading time":"1 minute"},"schema":{"@context":"https:\/\/schema.org","@graph":[{"@type":"WebPage","@id":"https:\/\/deltaelevatorsystems.net\/contacto\/","url":"https:\/\/deltaelevatorsystems.net\/contacto\/","name":"Contacto Elevadores Puerto Rico - Delta Elevator","isPartOf":{"@id":"https:\/\/deltaelevatorsystems.net\/#website"},"primaryImageOfPage":{"@id":"https:\/\/deltaelevatorsystems.net\/contacto\/#primaryimage"},"image":{"@id":"https:\/\/deltaelevatorsystems.net\/contacto\/#primaryimage"},"thumbnailUrl":"https:\/\/deltaelevatorsystems.net\/wp-content\/uploads\/sites\/12\/2024\/03\/Delta-Inverted-4-683x1024.jpeg","datePublished":"2023-11-15T16:26:19+00:00","dateModified":"2025-11-24T13:24:18+00:00","description":"Contacta a Delta Elevator Systems para instalaci\u00f3n, mantenimiento o reparaci\u00f3n de elevadores en Puerto Rico. Servicio confiable y respuesta r\u00e1pida.","breadcrumb":{"@id":"https:\/\/deltaelevatorsystems.net\/contacto\/#breadcrumb"},"inLanguage":"en-US","potentialAction":[{"@type":"ReadAction","target":["https:\/\/deltaelevatorsystems.net\/contacto\/"]}]},{"@type":"ImageObject","inLanguage":"en-US","@id":"https:\/\/deltaelevatorsystems.net\/contacto\/#primaryimage","url":"https:\/\/deltaelevatorsystems.net\/wp-content\/uploads\/sites\/12\/2024\/03\/Delta-Inverted-4-683x1024.jpeg","contentUrl":"https:\/\/deltaelevatorsystems.net\/wp-content\/uploads\/sites\/12\/2024\/03\/Delta-Inverted-4-683x1024.jpeg"},{"@type":"BreadcrumbList","@id":"https:\/\/deltaelevatorsystems.net\/contacto\/#breadcrumb","itemListElement":[{"@type":"ListItem","position":1,"name":"Home","item":"https:\/\/deltaelevatorsystems.net\/"},{"@type":"ListItem","position":2,"name":"Contacto"}]},{"@type":"WebSite","@id":"https:\/\/deltaelevatorsystems.net\/#website","url":"https:\/\/deltaelevatorsystems.net\/","name":"Delta Elevator Systems","description":"Instalaci\u00f3n, Servicio Y Mantenimiento de elevadores","publisher":{"@id":"https:\/\/deltaelevatorsystems.net\/#organization"},"potentialAction":[{"@type":"SearchAction","target":{"@type":"EntryPoint","urlTemplate":"https:\/\/deltaelevatorsystems.net\/?s={search_term_string}"},"query-input":{"@type":"PropertyValueSpecification","valueRequired":true,"valueName":"search_term_string"}}],"inLanguage":"en-US"},{"@type":"Organization","@id":"https:\/\/deltaelevatorsystems.net\/#organization","name":"Delta Elevator Systems","url":"https:\/\/deltaelevatorsystems.net\/","logo":{"@type":"ImageObject","inLanguage":"en-US","@id":"https:\/\/deltaelevatorsystems.net\/#\/schema\/logo\/image\/","url":"https:\/\/deltaelevatorsystems.net\/wp-content\/uploads\/sites\/12\/2023\/11\/Delta-Elevator-System-Logo.png","contentUrl":"https:\/\/deltaelevatorsystems.net\/wp-content\/uploads\/sites\/12\/2023\/11\/Delta-Elevator-System-Logo.png","width":193,"height":72,"caption":"Delta Elevator Systems"},"image":{"@id":"https:\/\/deltaelevatorsystems.net\/#\/schema\/logo\/image\/"}}]}},"_links":{"self":[{"href":"https:\/\/deltaelevatorsystems.net\/en\/wp-json\/wp\/v2\/pages\/78","targetHints":{"allow":["GET"]}}],"collection":[{"href":"https:\/\/deltaelevatorsystems.net\/en\/wp-json\/wp\/v2\/pages"}],"about":[{"href":"https:\/\/deltaelevatorsystems.net\/en\/wp-json\/wp\/v2\/types\/page"}],"author":[{"embeddable":true,"href":"https:\/\/deltaelevatorsystems.net\/en\/wp-json\/wp\/v2\/users\/1"}],"replies":[{"embeddable":true,"href":"https:\/\/deltaelevatorsystems.net\/en\/wp-json\/wp\/v2\/comments?post=78"}],"version-history":[{"count":3,"href":"https:\/\/deltaelevatorsystems.net\/en\/wp-json\/wp\/v2\/pages\/78\/revisions"}],"predecessor-version":[{"id":431,"href":"https:\/\/deltaelevatorsystems.net\/en\/wp-json\/wp\/v2\/pages\/78\/revisions\/431"}],"wp:attachment":[{"href":"https:\/\/deltaelevatorsystems.net\/en\/wp-json\/wp\/v2\/media?parent=78"}],"curies":[{"name":"wp","href":"https:\/\/api.w.org\/{rel}","templated":true}]}}